{"id":7,"date":"2018-01-29T19:04:40","date_gmt":"2018-01-29T19:04:40","guid":{"rendered":"https:\/\/rospapaluna.com\/?page_id=7"},"modified":"2018-02-21T11:45:06","modified_gmt":"2018-02-21T11:45:06","slug":"quienes-somos","status":"publish","type":"page","link":"https:\/\/rospapaluna.com\/quienes-somos\/","title":{"rendered":"QUIENES SOMOS"},"content":{"rendered":"<p>Somos los herederos de la cuarta generaci\u00f3n del apellido Ros en el sector c\u00e1rnico, una gran experiencia basada en el trato cercano tanto al producto, somos fabricantes de embutidos artesanos desde mediados del siglo pasado y mayoristas de carnes con sala de despiece propia, como en la cercan\u00eda a nuestros clientes, tanto los profesionales de la hosteler\u00eda como el peque\u00f1o consumidor dom\u00e9stico.<\/p>\n<p>Con toda esa experiencia y los \u00faltimos conocimientos en marketing directo, hemos creado un primer centro de atenci\u00f3n p\u00fablico: Ros Papa Luna cash&amp;carry. Un c\u00f3modo y moderno sistema que logra hacer muy econ\u00f3micos todos los productos, pues el cliente se sirve directamente de las bandejas de los diferentes lineales, sin esperas ni colas, y se dirige directamente a cajas.<\/p>\n<p>Un lugar donde acceder de manera c\u00f3moda, f\u00e1cil y econ\u00f3mica a las compras diarias o al por mayor. Carnes, embutidos, alimentaci\u00f3n, congelados, quinta gama, supermercado\u2026 presentados en lineales para servirse uno mismo o hacer su pedido en nuestra pr\u00e1ctica carnicer\u00eda atendida.<\/p>\n<hr \/>\n<div id=\"grid-gallery-10-58335\" data-gg-id=\"10\" data-title=\"QUIENES SOMOS\" data-grid-type=\"3\" data-offset=\"10.3\" data-area-position=\"center\" data-icons=\"\" data-preloader=\"true\" data-width=\"215\" data-height=\"215\" data-padding=\"0\" data-quicksand=\"disabled\" data-quicksand-duration=\"none\" data-popup-theme=\"theme_6\" data-popup-type=\"pretty-photo\" data-columns-number=\"4\" data-popup-image-text=\"data-caption\" data-popup-widthsize=\"auto\" data-popup-heightsize=\"auto\" data-popup-i18n-words=\"{&quot;close&quot;:&quot;cerrar&quot;,&quot;next&quot;:&quot;siguiente&quot;,&quot;previous&quot;:&quot;anterior&quot;,&quot;start_slideshow&quot;:&quot;comenzar reproducci\\u00f3n&quot;,&quot;stop_slideshow&quot;:&quot;detener reproducci\\u00f3n&quot;,&quot;image&quot;:&quot;imagen&quot;,&quot;of&quot;:&quot;de&quot;,&quot;prev&quot;:&quot;ant&quot;,&quot;cExpand&quot;:&quot;Ampliar&quot;,&quot;cPrevious&quot;:&quot;Anterior&quot;,&quot;cNext&quot;:&quot;Siguiente&quot;,&quot;cExpandStr&quot;:&quot;Expandir la imagen&quot;,&quot;cRotate&quot;:&quot;Gire&quot;,&quot;cDetails&quot;:&quot;Details&quot;}\" data-popup-slideshow=\"false\" data-popup-slideshow-speed=\"2500\" data-popup-hoverstop=\"true\" data-popup-slideshow-auto=\"false\" data-popup-background=\"\" data-popup-transparency=\"30\" data-popup-disable-history=\"\" data-popup-disable-changed-url=\"\" data-popup-border-type=\"\" data-popup-border-color=\"\" data-popup-border-width=\"\" data-popup-border-enable=\"\" data-fullscreen=\"false\" data-hide-tooltip=\"false\" data-caption-font-family=\"Default\" data-caption-text-size=\"140\" data-is-mobile=\"0\" data-caption-mobile=\"false\" data-hide-long-tltp-title=\"0\" data-caption-disabled-on-mobile=\"false\" data-responsive-colums=\"{&quot;desktop&quot;:{&quot;width&quot;:&quot;1200&quot;,&quot;columns&quot;:&quot;3&quot;},&quot;tablet&quot;:{&quot;width&quot;:&quot;768&quot;,&quot;columns&quot;:&quot;3&quot;},&quot;mobile&quot;:{&quot;width&quot;:&quot;320&quot;,&quot;columns&quot;:&quot;3&quot;}}\" data-popup-placement-type=\"0\" data-social-sharing=\"{&quot;enabled&quot;:&quot;&quot;,&quot;gallerySharing&quot;:{&quot;enabled&quot;:null,&quot;position&quot;:null},&quot;imageSharing&quot;:{&quot;enabled&quot;:null,&quot;wrapperClass&quot;:&quot; vertical &quot;},&quot;popupSharing&quot;:{&quot;enabled&quot;:null,&quot;wrapperClass&quot;:&quot; vertical &quot;}}\" class=\"grid-gallery grid-gallery-fixed \" style=\" width:100%; height:auto; margin-left:auto; margin-right:auto;position:relative;\"> <div class=\"gallery-loading\"> <div class=\"blocks\"> <div class=\"block\"><\/div> <div class=\"block\"><\/div> <div class=\"block\"><\/div> <div class=\"block\"><\/div> <\/div> <\/div> <div class=\"gallery-sharing-top\" style=\"display:none;\"> <\/div> <div id=\"photos-10\" class=\"grid-gallery-photos\"><FIGURE class=\"grid-gallery-caption\" data-grid-gallery-type=\"revolving-door-left\" data-index=\"0\" style=\"display:none;border-radius:00;; margin:10.3px; width:2150;\" ><div class=\"crop\" style=\" width:2150; height:2150; overflow:hidden;\"><img decoding=\"async\" src=\"https:\/\/rospapaluna.com\/wp-content\/uploads\/2022\/05\/250223247_1277387869392578_8439100730362099155_n-215x215.jpg\" class=\"ggImg ggNotInitImg\" alt=\"ros-papa-luna-cash-carry-carnes-supermercado-78\" title=\"compras inteligentes con amplios horarios\" data-description=\"compras inteligentes con amplios horarios\" data-caption=\"Cash&amp;Carry Autoservicio Bodega y servicio atendido\" data-title=\"compras inteligentes con amplios horarios\" style=\" width:215px; height:215px;\" \/><\/div><FIGCAPTION class=\"\" data-alpha=\"5\" style=\"color:#ffffff; background-color:#0a076d; font-size:140; text-align:left; font-family:Default;\" ><div class=\"grid-gallery-figcaption-wrap\" style=\"\"><\/div><\/FIGCAPTION><\/FIGURE><FIGURE class=\"grid-gallery-caption\" data-grid-gallery-type=\"revolving-door-left\" data-index=\"1\" style=\"display:none;border-radius:00;; margin:10.3px; width:2150;\" ><div class=\"crop\" style=\" width:2150; height:2150; overflow:hidden;\"><img decoding=\"async\" src=\"https:\/\/rospapaluna.com\/wp-content\/uploads\/2022\/05\/IMG_20220313_123537-scaled-215x215.jpg\" class=\"ggImg ggNotInitImg\" alt=\"ros-papa-luna-cash-carry-carnes-supermercado-16\" title=\"la mayor bodega de la provincia\" data-description=\"la mayor bodega de la provincia\" data-caption=\"la mayor bodega de la provincia\" data-title=\"la mayor bodega de la provincia\" style=\" width:215px; height:215px;\" \/><\/div><FIGCAPTION class=\"\" data-alpha=\"5\" style=\"color:#ffffff; background-color:#0a076d; font-size:140; text-align:left; font-family:Default;\" ><div class=\"grid-gallery-figcaption-wrap\" style=\"\"><\/div><\/FIGCAPTION><\/FIGURE><FIGURE class=\"grid-gallery-caption\" data-grid-gallery-type=\"revolving-door-left\" data-index=\"2\" style=\"display:none;border-radius:00;; margin:10.3px; width:2150;\" ><div class=\"crop\" style=\" width:2150; height:2150; overflow:hidden;\"><img decoding=\"async\" src=\"https:\/\/rospapaluna.com\/wp-content\/uploads\/2022\/05\/249144289_1275373206260711_70178761496155480_n-215x215.jpg\" class=\"ggImg ggNotInitImg\" alt=\"-quintagama-ros-carnesros-cocinados-bajatemperatura-vacio-carnes-recetas-114\" title=\"quinta gama productos cocinados\" data-description=\"quinta gama productos cocinados\" data-caption=\"Productos cocinados\" data-title=\"quinta gama productos cocinados\" style=\" width:215px; height:215px;\" \/><\/div><FIGCAPTION class=\"\" data-alpha=\"5\" style=\"color:#ffffff; background-color:#0a076d; font-size:140; text-align:left; font-family:Default;\" ><div class=\"grid-gallery-figcaption-wrap\" style=\"\"><\/div><\/FIGCAPTION><\/FIGURE><FIGURE class=\"grid-gallery-caption\" data-grid-gallery-type=\"revolving-door-left\" data-index=\"3\" style=\"display:none;border-radius:00;; margin:10.3px; width:2150;\" ><div class=\"crop\" style=\" width:2150; height:2150; overflow:hidden;\"><img decoding=\"async\" src=\"https:\/\/rospapaluna.com\/wp-content\/uploads\/2018\/02\/ros-papa-luna-cash-carry-carnes-supermercado-29-215x215.jpg\" class=\"ggImg ggNotInitImg\" alt=\"ros-papa-luna-cash-carry-carnes-supermercado-4\" title=\"ros-papa-luna-cash-carry-carnes-supermercado-29\" data-description=\"ros-papa-luna-cash-carry-carnes-supermercado-29\" data-caption=\"Autoservicio y carnicer\u00eda atendida\" data-title=\"ros-papa-luna-cash-carry-carnes-supermercado-29\" style=\" width:215px; height:215px;\" \/><\/div><FIGCAPTION class=\"\" data-alpha=\"5\" style=\"color:#ffffff; background-color:#0a076d; font-size:140; text-align:left; font-family:Default;\" ><div class=\"grid-gallery-figcaption-wrap\" style=\"\"><\/div><\/FIGCAPTION><\/FIGURE> <div class=\"grid-gallery-clearfix\"><\/div> <\/div> <div class=\"gallery-sharing-bottom\" style=\"display:none;\"> <\/div> <div class=\"gallery-sharing-image\" style=\"display:none;\"> <\/div> <div class=\"gallery-sharing-popup\" style=\"display:none;\"> <\/div> <div class=\"grid-gallery-clearfix\"><\/div> <\/div> <!-- Gallery by Supsystic plugin1.16.0 --><a title=\"WordPress Image Gallery Plugin\" style=\"display:none;\" href=\"https:\/\/supsystic.com\/plugins\/photo-gallery\/?utm_medium=love_link\" target=\"_blank\">WordPress Image Gallery Plugin<\/a>\n","protected":false},"excerpt":{"rendered":"<p>Somos los herederos de la cuarta generaci\u00f3n del apellido Ros en el sector c\u00e1rnico, una gran experiencia basada en el trato cercano tanto al producto, somos fabricantes de embutidos artesanos desde mediados del siglo pasado y mayoristas de carnes con sala de despiece propia, como en la cercan\u00eda a nuestros clientes, tanto los profesionales de [&hellip;]<\/p>\n","protected":false},"author":3,"featured_media":0,"parent":0,"menu_order":0,"comment_status":"closed","ping_status":"closed","template":"","meta":{"_exactmetrics_skip_tracking":false,"_exactmetrics_sitenote_active":false,"_exactmetrics_sitenote_note":"","_exactmetrics_sitenote_category":0,"footnotes":""},"class_list":["post-7","page","type-page","status-publish","czr-hentry"],"_links":{"self":[{"href":"https:\/\/rospapaluna.com\/wp-json\/wp\/v2\/pages\/7","targetHints":{"allow":["GET"]}}],"collection":[{"href":"https:\/\/rospapaluna.com\/wp-json\/wp\/v2\/pages"}],"about":[{"href":"https:\/\/rospapaluna.com\/wp-json\/wp\/v2\/types\/page"}],"author":[{"embeddable":true,"href":"https:\/\/rospapaluna.com\/wp-json\/wp\/v2\/users\/3"}],"replies":[{"embeddable":true,"href":"https:\/\/rospapaluna.com\/wp-json\/wp\/v2\/comments?post=7"}],"version-history":[{"count":4,"href":"https:\/\/rospapaluna.com\/wp-json\/wp\/v2\/pages\/7\/revisions"}],"predecessor-version":[{"id":307,"href":"https:\/\/rospapaluna.com\/wp-json\/wp\/v2\/pages\/7\/revisions\/307"}],"wp:attachment":[{"href":"https:\/\/rospapaluna.com\/wp-json\/wp\/v2\/media?parent=7"}],"curies":[{"name":"wp","href":"https:\/\/api.w.org\/{rel}","templated":true}]}}