{"id":23,"date":"2018-01-29T19:06:06","date_gmt":"2018-01-29T19:06:06","guid":{"rendered":"https:\/\/rospapaluna.com\/?page_id=23"},"modified":"2026-05-01T10:58:20","modified_gmt":"2026-05-01T10:58:20","slug":"la-carxofeta","status":"publish","type":"page","link":"https:\/\/rospapaluna.com\/la-carxofeta\/","title":{"rendered":"LA CARXOFETA"},"content":{"rendered":"<p><img decoding=\"async\" class=\"aligncenter wp-image-309\" src=\"https:\/\/rospapaluna.com\/wp-content\/uploads\/2018\/02\/20108550_1940893016187503_1225026473794697745_n-150x150.jpg\" alt=\"\" width=\"210\" height=\"210\" srcset=\"https:\/\/rospapaluna.com\/wp-content\/uploads\/2018\/02\/20108550_1940893016187503_1225026473794697745_n-150x150.jpg 150w, https:\/\/rospapaluna.com\/wp-content\/uploads\/2018\/02\/20108550_1940893016187503_1225026473794697745_n-300x300.jpg 300w, https:\/\/rospapaluna.com\/wp-content\/uploads\/2018\/02\/20108550_1940893016187503_1225026473794697745_n-768x768.jpg 768w, https:\/\/rospapaluna.com\/wp-content\/uploads\/2018\/02\/20108550_1940893016187503_1225026473794697745_n-510x510.jpg 510w, https:\/\/rospapaluna.com\/wp-content\/uploads\/2018\/02\/20108550_1940893016187503_1225026473794697745_n.jpg 769w\" sizes=\"(max-width: 210px) 100vw, 210px\" \/><\/p>\n<p>&nbsp;<\/p>\n<hr \/>\n<p>La Carxofeta es una cafeter\u00eda situada justo frente a nuestro cash&amp;carry y perteneciente a nuestra misma marca.<\/p>\n<p>Es el lugar ideal para hacer una pausa antes o despu\u00e9s de las compras en nuestra tienda, incluso durante, si hemos decidido esperar mientras otra persona las hace.<\/p>\n<p>Un lugar perfecto para quedar, pues es muy f\u00e1cil de encontrar y donde aparcar no suele ser un problema. Pero adem\u00e1s es la sinergia perfecta con nuestro cash&amp;carry, pues muchos de los productos de la carta de La Carxofeta y la mayor\u00eda de sus vinos, pueden comprarse tambi\u00e9n en nuestra tienda.<\/p>\n<p>Una amplia terraza, fresca en verano y climatizada en invierno y un lugar de degustaci\u00f3n ideal!.<\/p>\n<hr \/>\n<p><strong>ABIERTO TODOS LOS D\u00cdAS DE 9:00H A 00:00H<\/strong><\/p>\n<p><strong>PUEDES LLAMAR AL <span style=\"color: #ff0000;\">964 88 01 04<\/span> Y HACER TU RESERVA<\/strong><\/p>\n<p><strong>PUEDES SEGUIRNOS EN NUESTRAS REDES SOCIALES<\/strong><\/p>\n<p><a href=\"https:\/\/www.facebook.com\/lacarxofetabenicarlo\/?rf=131705504039998\"><img decoding=\"async\" class=\"alignnone wp-image-293\" src=\"https:\/\/rospapaluna.com\/wp-content\/uploads\/2018\/02\/facebook-icon.png\" alt=\"\" width=\"90\" height=\"90\" \/><\/a> <a href=\"https:\/\/www.instagram.com\/lacarxofetablo\/\"><img decoding=\"async\" class=\"alignnone wp-image-294\" src=\"https:\/\/rospapaluna.com\/wp-content\/uploads\/2018\/02\/instagram-icon.png\" alt=\"\" width=\"90\" height=\"90\" \/><\/a><\/p>\n<p><img loading=\"lazy\" decoding=\"async\" class=\"alignnone wp-image-601 size-large\" src=\"https:\/\/rospapaluna.com\/wp-content\/uploads\/2026\/05\/97206_Anexo_Cartel_fondos_europeos_page-0001-1024x724.jpg\" alt=\"\" width=\"1024\" height=\"724\" srcset=\"https:\/\/rospapaluna.com\/wp-content\/uploads\/2026\/05\/97206_Anexo_Cartel_fondos_europeos_page-0001-1024x724.jpg 1024w, https:\/\/rospapaluna.com\/wp-content\/uploads\/2026\/05\/97206_Anexo_Cartel_fondos_europeos_page-0001-300x212.jpg 300w, https:\/\/rospapaluna.com\/wp-content\/uploads\/2026\/05\/97206_Anexo_Cartel_fondos_europeos_page-0001-768x543.jpg 768w, https:\/\/rospapaluna.com\/wp-content\/uploads\/2026\/05\/97206_Anexo_Cartel_fondos_europeos_page-0001-1536x1086.jpg 1536w, https:\/\/rospapaluna.com\/wp-content\/uploads\/2026\/05\/97206_Anexo_Cartel_fondos_europeos_page-0001.jpg 1755w\" sizes=\"(max-width: 1024px) 100vw, 1024px\" \/><\/p>\n<p>ROS CASH &amp;amp; CARRY S.L. ha recibido una subvenci\u00f3n de Turisme Comunitat Valenciana<br \/>\ndentro de la convocatoria aprobada por RESOLUCI\u00d3N de 14 de octubre de 2024,<br \/>\ndirigida a financiar proyectos de eficiencia energ\u00e9tica y econom\u00eda circular en empresas<br \/>\ntur\u00edsticas, en el marco del Plan de recuperaci\u00f3n, transformaci\u00f3n y resiliencia (Tipolog\u00eda<br \/>\n1: Actuaciones fotovoltaicas para autoconsumo).<br \/>\nEl proyecto ejecutado se enmarca en el Componente 14, Inversi\u00f3n 4 (C14.I4), L\u00ednea de<br \/>\nactuaci\u00f3n 2 del Plan de Recuperaci\u00f3n, Transformaci\u00f3n y Resiliencia, financiado por la<br \/>\nUni\u00f3n Europea \u2013 NextGenerationEU.<br \/>\nLa actuaci\u00f3n subvencionada ha consistido en la ampliaci\u00f3n de la instalaci\u00f3n<br \/>\nfotovoltaica existente en La Carxofeta a\u00f1adiendo 17,36 kWp de capacidad de<br \/>\ngeneraci\u00f3n; y la instalaci\u00f3n de un sistema de almacenamiento de 57,9 kWh. De este<br \/>\nmodo se refuerza la colaboraci\u00f3n con los Objetivos de Desarrollo Sostenible (ODS); a<br \/>\ntrav\u00e9s del objetivo n\u00famero 7, Energ\u00eda Asequible y no contaminante, produciendo su<br \/>\npropia energ\u00eda el\u00e9ctrica procedente de una fuente renovable y limpia generada por los<br \/>\nm\u00f3dulos fotovoltaicos mediante la radiaci\u00f3n solar.<br \/>\nLa inversi\u00f3n realizada ha ascendido a la cantidad de 44.370,82\u20ac por la cual se ha<br \/>\nrecibido un importe de ayuda de 23.965,27\u20ac.<\/p>\n<p><img loading=\"lazy\" decoding=\"async\" class=\"alignnone wp-image-602 size-large\" src=\"https:\/\/rospapaluna.com\/wp-content\/uploads\/2026\/05\/LOGOS-SUBVENCION-PNG-1024x66.png\" alt=\"\" width=\"1024\" height=\"66\" srcset=\"https:\/\/rospapaluna.com\/wp-content\/uploads\/2026\/05\/LOGOS-SUBVENCION-PNG-1024x66.png 1024w, https:\/\/rospapaluna.com\/wp-content\/uploads\/2026\/05\/LOGOS-SUBVENCION-PNG-300x19.png 300w, https:\/\/rospapaluna.com\/wp-content\/uploads\/2026\/05\/LOGOS-SUBVENCION-PNG-768x50.png 768w, https:\/\/rospapaluna.com\/wp-content\/uploads\/2026\/05\/LOGOS-SUBVENCION-PNG-1536x99.png 1536w, https:\/\/rospapaluna.com\/wp-content\/uploads\/2026\/05\/LOGOS-SUBVENCION-PNG.png 1640w\" sizes=\"(max-width: 1024px) 100vw, 1024px\" \/><\/p>\n<hr \/>\n<div id=\"grid-gallery-6-91169\" data-gg-id=\"6\" data-title=\"LA CARXOFETA\" data-grid-type=\"3\" data-offset=\"10.3\" data-area-position=\"center\" data-icons=\"\" data-preloader=\"true\" data-width=\"215\" data-height=\"215\" data-padding=\"0\" data-quicksand=\"disabled\" data-quicksand-duration=\"none\" data-popup-theme=\"theme_6\" data-popup-type=\"pretty-photo\" data-columns-number=\"4\" data-popup-image-text=\"data-caption\" data-popup-widthsize=\"auto\" data-popup-heightsize=\"auto\" data-popup-i18n-words=\"{&quot;close&quot;:&quot;cerrar&quot;,&quot;next&quot;:&quot;siguiente&quot;,&quot;previous&quot;:&quot;anterior&quot;,&quot;start_slideshow&quot;:&quot;comenzar reproducci\\u00f3n&quot;,&quot;stop_slideshow&quot;:&quot;detener reproducci\\u00f3n&quot;,&quot;image&quot;:&quot;imagen&quot;,&quot;of&quot;:&quot;de&quot;,&quot;prev&quot;:&quot;ant&quot;,&quot;cExpand&quot;:&quot;Ampliar&quot;,&quot;cPrevious&quot;:&quot;Anterior&quot;,&quot;cNext&quot;:&quot;Siguiente&quot;,&quot;cExpandStr&quot;:&quot;Expandir la imagen&quot;,&quot;cRotate&quot;:&quot;Gire&quot;,&quot;cDetails&quot;:&quot;Details&quot;}\" data-popup-slideshow=\"false\" data-popup-slideshow-speed=\"2500\" data-popup-hoverstop=\"true\" data-popup-slideshow-auto=\"false\" data-popup-background=\"\" data-popup-transparency=\"30\" data-popup-disable-history=\"\" data-popup-disable-changed-url=\"\" data-popup-border-type=\"\" data-popup-border-color=\"\" data-popup-border-width=\"\" data-popup-border-enable=\"\" data-fullscreen=\"false\" data-hide-tooltip=\"false\" data-caption-font-family=\"Default\" data-caption-text-size=\"140\" data-is-mobile=\"0\" data-caption-mobile=\"false\" data-hide-long-tltp-title=\"0\" data-caption-disabled-on-mobile=\"false\" data-responsive-colums=\"{&quot;desktop&quot;:{&quot;width&quot;:&quot;1200&quot;,&quot;columns&quot;:&quot;3&quot;},&quot;tablet&quot;:{&quot;width&quot;:&quot;768&quot;,&quot;columns&quot;:&quot;3&quot;},&quot;mobile&quot;:{&quot;width&quot;:&quot;320&quot;,&quot;columns&quot;:&quot;3&quot;}}\" data-popup-placement-type=\"0\" data-social-sharing=\"{&quot;enabled&quot;:&quot;&quot;,&quot;gallerySharing&quot;:{&quot;enabled&quot;:null,&quot;position&quot;:null},&quot;imageSharing&quot;:{&quot;enabled&quot;:null,&quot;wrapperClass&quot;:&quot; vertical &quot;},&quot;popupSharing&quot;:{&quot;enabled&quot;:null,&quot;wrapperClass&quot;:&quot; vertical &quot;}}\" class=\"grid-gallery grid-gallery-fixed \" style=\" width:100%; height:auto; margin-left:auto; margin-right:auto;position:relative;\"> <div class=\"gallery-loading\"> <div class=\"blocks\"> <div class=\"block\"><\/div> <div class=\"block\"><\/div> <div class=\"block\"><\/div> <div class=\"block\"><\/div> <\/div> <\/div> <div class=\"gallery-sharing-top\" style=\"display:none;\"> <\/div> <div id=\"photos-6\" class=\"grid-gallery-photos\"><FIGURE class=\"grid-gallery-caption\" data-grid-gallery-type=\"revolving-door-left\" data-index=\"0\" style=\"display:none;border-radius:00;; margin:10.3px; width:2150;\" ><div class=\"crop\" style=\" width:2150; height:2150; overflow:hidden;\"><img decoding=\"async\" src=\"https:\/\/rospapaluna.com\/wp-content\/uploads\/2018\/02\/IMG_9175-215x215.jpg\" class=\"ggImg ggNotInitImg\" alt=\"IMG_9175\" title=\"IMG_9175\" data-description=\"IMG_9175\" data-caption=\"IMG_9175\" data-title=\"IMG_9175\" style=\" width:215px; height:215px;\" \/><\/div><FIGCAPTION class=\"\" data-alpha=\"5\" style=\"color:#ffffff; background-color:#0a076d; font-size:140; text-align:left; font-family:Default;\" ><div class=\"grid-gallery-figcaption-wrap\" style=\"\"><\/div><\/FIGCAPTION><\/FIGURE><FIGURE class=\"grid-gallery-caption\" data-grid-gallery-type=\"revolving-door-left\" data-index=\"1\" style=\"display:none;border-radius:00;; margin:10.3px; width:2150;\" ><div class=\"crop\" style=\" width:2150; height:2150; overflow:hidden;\"><img decoding=\"async\" src=\"https:\/\/rospapaluna.com\/wp-content\/uploads\/2018\/02\/ensalada-carxofeta-215x215.jpg\" class=\"ggImg ggNotInitImg\" alt=\"ensalada carxofeta\" title=\"ensalada carxofeta\" data-description=\"ensalada carxofeta\" data-caption=\"ensalada carxofeta\" data-title=\"ensalada carxofeta\" style=\" width:215px; height:215px;\" \/><\/div><FIGCAPTION class=\"\" data-alpha=\"5\" style=\"color:#ffffff; background-color:#0a076d; font-size:140; text-align:left; font-family:Default;\" ><div class=\"grid-gallery-figcaption-wrap\" style=\"\"><\/div><\/FIGCAPTION><\/FIGURE><FIGURE class=\"grid-gallery-caption\" data-grid-gallery-type=\"revolving-door-left\" data-index=\"2\" style=\"display:none;border-radius:00;; margin:10.3px; width:2150;\" ><div class=\"crop\" style=\" width:2150; height:2150; overflow:hidden;\"><img decoding=\"async\" src=\"https:\/\/rospapaluna.com\/wp-content\/uploads\/2018\/02\/FAJITASPOLLO2-quintagama-ros-carnesros-cocinados-bajatemperatura-vacio-carnes-recetas-22-1-215x215.jpg\" class=\"ggImg ggNotInitImg\" alt=\"FAJITASPOLLO2-quintagama-ros-carnesros-cocinados-bajatemperatura-vacio-carnes-recetas-22\" title=\"FAJITASPOLLO2-quintagama-ros-carnesros-cocinados-bajatemperatura-vacio-carnes-recetas-22\" data-description=\"FAJITASPOLLO2-quintagama-ros-carnesros-cocinados-bajatemperatura-vacio-carnes-recetas-22\" data-caption=\"FAJITASPOLLO2-quintagama-ros-carnesros-cocinados-bajatemperatura-vacio-carnes-recetas-22\" data-title=\"FAJITASPOLLO2-quintagama-ros-carnesros-cocinados-bajatemperatura-vacio-carnes-recetas-22\" style=\" width:215px; height:215px;\" \/><\/div><FIGCAPTION class=\"\" data-alpha=\"5\" style=\"color:#ffffff; background-color:#0a076d; font-size:140; text-align:left; font-family:Default;\" ><div class=\"grid-gallery-figcaption-wrap\" style=\"\"><\/div><\/FIGCAPTION><\/FIGURE><FIGURE class=\"grid-gallery-caption\" data-grid-gallery-type=\"revolving-door-left\" data-index=\"3\" style=\"display:none;border-radius:00;; margin:10.3px; width:2150;\" ><div class=\"crop\" style=\" width:2150; height:2150; overflow:hidden;\"><img decoding=\"async\" src=\"https:\/\/rospapaluna.com\/wp-content\/uploads\/2018\/02\/hamburguesa-cordero-alcachofa-215x215.jpg\" class=\"ggImg ggNotInitImg\" alt=\"hamburguesa cordero alcachofa\" title=\"hamburguesa cordero alcachofa\" data-description=\"hamburguesa cordero alcachofa\" data-caption=\"hamburguesa cordero alcachofa\" data-title=\"hamburguesa cordero alcachofa\" style=\" width:215px; height:215px;\" \/><\/div><FIGCAPTION class=\"\" data-alpha=\"5\" style=\"color:#ffffff; background-color:#0a076d; font-size:140; text-align:left; font-family:Default;\" ><div class=\"grid-gallery-figcaption-wrap\" style=\"\"><\/div><\/FIGCAPTION><\/FIGURE><FIGURE class=\"grid-gallery-caption\" data-grid-gallery-type=\"revolving-door-left\" data-index=\"4\" style=\"display:none;border-radius:00;; margin:10.3px; width:2150;\" ><div class=\"crop\" style=\" width:2150; height:2150; overflow:hidden;\"><img decoding=\"async\" src=\"https:\/\/rospapaluna.com\/wp-content\/uploads\/2018\/02\/Mollet-Cerdo-215x215.jpg\" class=\"ggImg ggNotInitImg\" alt=\"Mollet Cerdo\" title=\"Mollet Cerdo\" data-description=\"Mollet Cerdo\" data-caption=\"Mollet Cerdo\" data-title=\"Mollet Cerdo\" style=\" width:215px; height:215px;\" \/><\/div><FIGCAPTION class=\"\" data-alpha=\"5\" style=\"color:#ffffff; background-color:#0a076d; font-size:140; text-align:left; font-family:Default;\" ><div class=\"grid-gallery-figcaption-wrap\" style=\"\"><\/div><\/FIGCAPTION><\/FIGURE><FIGURE class=\"grid-gallery-caption\" data-grid-gallery-type=\"revolving-door-left\" data-index=\"5\" style=\"display:none;border-radius:00;; margin:10.3px; width:2150;\" ><div class=\"crop\" style=\" width:2150; height:2150; overflow:hidden;\"><img decoding=\"async\" src=\"https:\/\/rospapaluna.com\/wp-content\/uploads\/2018\/02\/Mollet-Cordero-215x215.jpg\" class=\"ggImg ggNotInitImg\" alt=\"Mollet Cordero\" title=\"Mollet Cordero\" data-description=\"Mollet Cordero\" data-caption=\"Mollet Cordero\" data-title=\"Mollet Cordero\" style=\" width:215px; height:215px;\" \/><\/div><FIGCAPTION class=\"\" data-alpha=\"5\" style=\"color:#ffffff; background-color:#0a076d; font-size:140; text-align:left; font-family:Default;\" ><div class=\"grid-gallery-figcaption-wrap\" style=\"\"><\/div><\/FIGCAPTION><\/FIGURE><FIGURE class=\"grid-gallery-caption\" data-grid-gallery-type=\"revolving-door-left\" data-index=\"6\" style=\"display:none;border-radius:00;; margin:10.3px; width:2150;\" ><div class=\"crop\" style=\" width:2150; height:2150; overflow:hidden;\"><img decoding=\"async\" src=\"https:\/\/rospapaluna.com\/wp-content\/uploads\/2018\/02\/mollet-ternera-215x215.jpg\" class=\"ggImg ggNotInitImg\" alt=\"mollet ternera\" title=\"mollet ternera\" data-description=\"mollet ternera\" data-caption=\"mollet ternera\" data-title=\"mollet ternera\" style=\" width:215px; height:215px;\" \/><\/div><FIGCAPTION class=\"\" data-alpha=\"5\" style=\"color:#ffffff; background-color:#0a076d; font-size:140; text-align:left; font-family:Default;\" ><div class=\"grid-gallery-figcaption-wrap\" style=\"\"><\/div><\/FIGCAPTION><\/FIGURE><FIGURE class=\"grid-gallery-caption\" data-grid-gallery-type=\"revolving-door-left\" data-index=\"7\" style=\"display:none;border-radius:00;; margin:10.3px; width:2150;\" ><div class=\"crop\" style=\" width:2150; height:2150; overflow:hidden;\"><img decoding=\"async\" src=\"https:\/\/rospapaluna.com\/wp-content\/uploads\/2018\/02\/IMG_9176-215x215.jpg\" class=\"ggImg ggNotInitImg\" alt=\"IMG_9176\" title=\"IMG_9176\" data-description=\"IMG_9176\" data-caption=\"IMG_9176\" data-title=\"IMG_9176\" style=\" width:215px; height:215px;\" \/><\/div><FIGCAPTION class=\"\" data-alpha=\"5\" style=\"color:#ffffff; background-color:#0a076d; font-size:140; text-align:left; font-family:Default;\" ><div class=\"grid-gallery-figcaption-wrap\" style=\"\"><\/div><\/FIGCAPTION><\/FIGURE> <div class=\"grid-gallery-clearfix\"><\/div> <\/div> <div class=\"gallery-sharing-bottom\" style=\"display:none;\"> <\/div> <div class=\"gallery-sharing-image\" style=\"display:none;\"> <\/div> <div class=\"gallery-sharing-popup\" style=\"display:none;\"> <\/div> <div class=\"grid-gallery-clearfix\"><\/div> <\/div> <!-- Gallery by Supsystic plugin1.16.0 --><a title=\"WordPress Image Gallery Plugin\" style=\"display:none;\" href=\"https:\/\/supsystic.com\/plugins\/photo-gallery\/?utm_medium=love_link\" target=\"_blank\">WordPress Image Gallery Plugin<\/a>\n","protected":false},"excerpt":{"rendered":"<p>&nbsp; La Carxofeta es una cafeter\u00eda situada justo frente a nuestro cash&amp;carry y perteneciente a nuestra misma marca. Es el lugar ideal para hacer una pausa antes o despu\u00e9s de las compras en nuestra tienda, incluso durante, si hemos decidido esperar mientras otra persona las hace. Un lugar perfecto para quedar, pues es muy f\u00e1cil [&hellip;]<\/p>\n","protected":false},"author":3,"featured_media":309,"parent":0,"menu_order":0,"comment_status":"closed","ping_status":"closed","template":"","meta":{"_exactmetrics_skip_tracking":false,"_exactmetrics_sitenote_active":false,"_exactmetrics_sitenote_note":"","_exactmetrics_sitenote_category":0,"footnotes":""},"class_list":["post-23","page","type-page","status-publish","has-post-thumbnail","czr-hentry"],"_links":{"self":[{"href":"https:\/\/rospapaluna.com\/wp-json\/wp\/v2\/pages\/23","targetHints":{"allow":["GET"]}}],"collection":[{"href":"https:\/\/rospapaluna.com\/wp-json\/wp\/v2\/pages"}],"about":[{"href":"https:\/\/rospapaluna.com\/wp-json\/wp\/v2\/types\/page"}],"author":[{"embeddable":true,"href":"https:\/\/rospapaluna.com\/wp-json\/wp\/v2\/users\/3"}],"replies":[{"embeddable":true,"href":"https:\/\/rospapaluna.com\/wp-json\/wp\/v2\/comments?post=23"}],"version-history":[{"count":17,"href":"https:\/\/rospapaluna.com\/wp-json\/wp\/v2\/pages\/23\/revisions"}],"predecessor-version":[{"id":605,"href":"https:\/\/rospapaluna.com\/wp-json\/wp\/v2\/pages\/23\/revisions\/605"}],"wp:featuredmedia":[{"embeddable":true,"href":"https:\/\/rospapaluna.com\/wp-json\/wp\/v2\/media\/309"}],"wp:attachment":[{"href":"https:\/\/rospapaluna.com\/wp-json\/wp\/v2\/media?parent=23"}],"curies":[{"name":"wp","href":"https:\/\/api.w.org\/{rel}","templated":true}]}}